{"id":88,"date":"2022-04-05T13:15:23","date_gmt":"2022-04-05T11:15:23","guid":{"rendered":"https:\/\/www.ljekarnaneziri.hr\/?page_id=88"},"modified":"2022-04-05T14:02:39","modified_gmt":"2022-04-05T12:02:39","slug":"lokacije","status":"publish","type":"page","link":"https:\/\/www.ljekarnaneziri.hr\/?page_id=88","title":{"rendered":"Lokacije"},"content":{"rendered":"\n<div class=\"wp-block-columns is-layout-flex wp-container-core-columns-is-layout-9d6595d7 wp-block-columns-is-layout-flex\">\n<div class=\"wp-block-column is-layout-flow wp-block-column-is-layout-flow\">\n<h4 style=\"text-align: center;\">Zagreb<\/h4>\n<p style=\"text-align: center;\"><span class=\"d2edcug0 hpfvmrgz qv66sw1b c1et5uql lr9zc1uh a8c37x1j fe6kdd0r mau55g9w c8b282yb keod5gw0 nxhoafnm aigsh9s9 d3f4x2em iv3no6db jq4qci2q a3bd9o3v b1v8xokw oo9gr5id\" dir=\"auto\">Mirka Deanovi\u0107a 19<\/span><\/p>\n<p style=\"text-align: center;\"><span class=\"d2edcug0 hpfvmrgz qv66sw1b c1et5uql lr9zc1uh a8c37x1j fe6kdd0r mau55g9w c8b282yb keod5gw0 nxhoafnm aigsh9s9 d3f4x2em iv3no6db jq4qci2q a3bd9o3v b1v8xokw oo9gr5id\" dir=\"auto\">10 000 Zagreb<\/span><\/p>\n<p style=\"text-align: center;\"><span class=\"d2edcug0 hpfvmrgz qv66sw1b c1et5uql lr9zc1uh a8c37x1j fe6kdd0r mau55g9w c8b282yb keod5gw0 nxhoafnm aigsh9s9 d3f4x2em iv3no6db jq4qci2q a3bd9o3v b1v8xokw oo9gr5id hzawbc8m\" dir=\"auto\">tel: 01 2920 959<\/span><\/p>\n<\/div>\n\n\n\n<div class=\"wp-block-column is-layout-flow wp-block-column-is-layout-flow\">\n<h4 style=\"text-align: center;\">Gare\u0161nica<\/h4>\n<p style=\"text-align: center;\">Vladimira Nazora 4<\/p>\n<p style=\"text-align: center;\">43 280 Gare\u0161nica<\/p>\n<p style=\"text-align: center;\"><span class=\"LrzXr zdqRlf kno-fv\"><span aria-label=\"Nazovite 043 531 360\">tel: 043 531 360<\/span><\/span><\/p>\n<\/div>\n\n\n\n<div class=\"wp-block-column is-layout-flow wp-block-column-is-layout-flow\">\n<h4 style=\"text-align: center;\">Jastrebarsko<\/h4>\n<p style=\"text-align: center;\">Zdihova\u010dka 1<\/p>\n<p style=\"text-align: center;\">10 450 Jastrebarsko<\/p>\n<p style=\"text-align: center;\"><span class=\"d2edcug0 hpfvmrgz qv66sw1b c1et5uql lr9zc1uh a8c37x1j fe6kdd0r mau55g9w c8b282yb keod5gw0 nxhoafnm aigsh9s9 d3f4x2em iv3no6db jq4qci2q a3bd9o3v b1v8xokw oo9gr5id\" dir=\"auto\">tel: 01 6285 580<\/span><\/p>\n<\/div>\n<\/div>\n\n\n\n<p class=\"has-text-align-center\">Email: ljekarne.neziri@gmail.com<\/p>\n\n\n<div id=\"wpgmza_map\" class=\"wpgmza_map\" data-settings='{\"id\":\"1\",\"map_title\":\"Lokacije\",\"map_width\":\"100\",\"map_height\":\"400\",\"map_start_lat\":\"45.77623958700784\",\"map_start_lng\":\"16.207758509132933\",\"map_start_location\":\"45.950464398418106,-109.81550500000003\",\"map_start_zoom\":\"9\",\"default_marker\":\"\",\"type\":\"0\",\"alignment\":\"4\",\"directions_enabled\":\"0\",\"styling_enabled\":\"0\",\"styling_json\":\"\",\"active\":\"0\",\"kml\":\"\",\"bicycle\":\"0\",\"traffic\":\"0\",\"dbox\":\"0\",\"dbox_width\":\"\",\"listmarkers\":\"0\",\"listmarkers_advanced\":\"0\",\"filterbycat\":\"0\",\"ugm_enabled\":\"0\",\"ugm_category_enabled\":\"0\",\"fusion\":\"\",\"map_width_type\":\"%\",\"map_height_type\":\"px\",\"mass_marker_support\":\"0\",\"ugm_access\":\"0\",\"order_markers_by\":\"0\",\"order_markers_choice\":\"0\",\"show_user_location\":\"0\",\"default_to\":\"\",\"other_settings\":{\"map_type\":1,\"sl_stroke_color\":\"\",\"sl_fill_color\":\"\",\"sl_stroke_opacity\":\"\",\"sl_fill_opacity\":\"\",\"transport_layer\":false,\"action\":\"wpgmza_save_map\",\"redirect_to\":\"\\\/wp-admin\\\/admin-post.php\",\"map_id\":\"1\",\"http_referer\":\"\\\/wp-admin\\\/admin.php?page=wp-google-maps-menu&amp;amp;action=edit&amp;amp;map_id=1\",\"wpgmza_id\":\"1\",\"wpgmza_start_location\":\"45.77623958700784,16.207758509132933\",\"wpgmza_start_zoom\":\"9\",\"store_locator_enabled\":false,\"store_locator_search_area\":\"radial\",\"wpgmza_store_locator_radius_style\":\"legacy\",\"wpgmza_store_locator_default_radius\":\"10\",\"store_locator_auto_area_max_zoom\":\"\",\"store_locator_distance\":false,\"wpgmza_store_locator_position\":false,\"store_locator_show_distance\":false,\"store_locator_category\":false,\"wpgmza_store_locator_use_their_location\":false,\"wpgmza_store_locator_bounce\":false,\"wpgmza_sl_animation\":null,\"wpgmza_store_locator_hide_before_search\":false,\"store_locator_query_string\":\"\",\"store_locator_default_address\":\"\",\"store_locator_name_search\":false,\"store_locator_name_string\":\"\",\"store_locator_not_found_message\":\"\",\"wpgmza_map_align\":\"1\",\"jump_to_nearest_marker_on_initialization\":false,\"automatically_pan_to_users_location\":false,\"override_users_location_zoom_level\":false,\"override_users_location_zoom_levels\":\"\",\"show_distance_from_location\":false,\"map_max_zoom\":\"21\",\"map_min_zoom\":\"0\",\"click_open_link\":false,\"fit_maps_bounds_to_markers\":false,\"fit_maps_bounds_to_markers_after_filtering\":false,\"hide_point_of_interest\":false,\"wpgmza_zoom_on_marker_click\":false,\"wpgmza_zoom_on_marker_click_slider\":\"\",\"close_infowindow_on_map_click\":false,\"disable_lightbox_images\":false,\"use_Raw_Jpeg_Coordinates\":false,\"disable_polygon_info_windows\":false,\"enable_marker_ratings\":false,\"only_load_markers_within_viewport\":false,\"iw_primary_color\":\"#000000\",\"iw_accent_color\":\"#000000\",\"iw_text_color\":\"#000000\",\"wpgmza_listmarkers_by\":\"0\",\"wpgmza_marker_listing_position\":false,\"zoom_level_on_marker_listing_override\":false,\"zoom_level_on_marker_listing_click\":\"\",\"datatable_no_result_message\":\"\",\"remove_search_box_datables\":false,\"dataTable_pagination_style\":null,\"datatable_search_string\":\"\",\"datatable_result_start\":\"\",\"datatable_result_of\":\"\",\"datatable_result_to\":\"\",\"datatable_result_total\":\"\",\"datatable_result_show\":\"\",\"datatable_result_entries\":\"\",\"wpgmza_savemap\":\"Spremi Karta \\u00bb\"}}' data-map-id='1' Data-maps-engine='open-layers' data-shortcode-attributes='{\"id\":\"1\"}' style=\"display:block; overflow:auto; width:100%; height:400px; float:left;\"><\/div>\n","protected":false},"excerpt":{"rendered":"<p>Zagreb Mirka Deanovi\u0107a 19 10 000 Zagreb tel: 01 2920 959 Gare\u0161nica Vladimira Nazora 4 43 280 Gare\u0161nica tel: 043 531 360 Jastrebarsko Zdihova\u010dka 1 10 450 Jastrebarsko tel: 01 6285 580 Email: ljekarne.neziri@gmail.com<\/p>\n","protected":false},"author":1,"featured_media":0,"parent":0,"menu_order":0,"comment_status":"closed","ping_status":"closed","template":"","meta":{"footnotes":""},"class_list":["post-88","page","type-page","status-publish","hentry"],"yoast_head":"<!-- This site is optimized with the Yoast SEO plugin v27.4 - https:\/\/yoast.com\/product\/yoast-seo-wordpress\/ -->\n<title>Lokacije - Ljekarne Jasna Neziri<\/title>\n<meta name=\"robots\" content=\"index, follow, max-snippet:-1, max-image-preview:large, max-video-preview:-1\" \/>\n<link rel=\"canonical\" href=\"https:\/\/www.ljekarnaneziri.hr\/?page_id=88\" \/>\n<meta property=\"og:locale\" content=\"hr_HR\" \/>\n<meta property=\"og:type\" content=\"article\" \/>\n<meta property=\"og:title\" content=\"Lokacije - Ljekarne Jasna Neziri\" \/>\n<meta property=\"og:description\" content=\"Zagreb Mirka Deanovi\u0107a 19 10 000 Zagreb tel: 01 2920 959 Gare\u0161nica Vladimira Nazora 4 43 280 Gare\u0161nica tel: 043 531 360 Jastrebarsko Zdihova\u010dka 1 10 450 Jastrebarsko tel: 01 6285 580 Email: ljekarne.neziri@gmail.com\" \/>\n<meta property=\"og:url\" content=\"https:\/\/www.ljekarnaneziri.hr\/?page_id=88\" \/>\n<meta property=\"og:site_name\" content=\"Ljekarne Jasna Neziri\" \/>\n<meta property=\"article:modified_time\" content=\"2022-04-05T12:02:39+00:00\" \/>\n<meta name=\"twitter:card\" content=\"summary_large_image\" \/>\n<meta name=\"twitter:label1\" content=\"Procijenjeno vrijeme \u010ditanja\" \/>\n\t<meta name=\"twitter:data1\" content=\"1 minuta\" \/>\n<script type=\"application\/ld+json\" class=\"yoast-schema-graph\">{\"@context\":\"https:\\\/\\\/schema.org\",\"@graph\":[{\"@type\":\"WebPage\",\"@id\":\"https:\\\/\\\/www.ljekarnaneziri.hr\\\/?page_id=88\",\"url\":\"https:\\\/\\\/www.ljekarnaneziri.hr\\\/?page_id=88\",\"name\":\"Lokacije - Ljekarne Jasna Neziri\",\"isPartOf\":{\"@id\":\"https:\\\/\\\/www.ljekarnaneziri.hr\\\/#website\"},\"datePublished\":\"2022-04-05T11:15:23+00:00\",\"dateModified\":\"2022-04-05T12:02:39+00:00\",\"breadcrumb\":{\"@id\":\"https:\\\/\\\/www.ljekarnaneziri.hr\\\/?page_id=88#breadcrumb\"},\"inLanguage\":\"hr\",\"potentialAction\":[{\"@type\":\"ReadAction\",\"target\":[\"https:\\\/\\\/www.ljekarnaneziri.hr\\\/?page_id=88\"]}]},{\"@type\":\"BreadcrumbList\",\"@id\":\"https:\\\/\\\/www.ljekarnaneziri.hr\\\/?page_id=88#breadcrumb\",\"itemListElement\":[{\"@type\":\"ListItem\",\"position\":1,\"name\":\"Home\",\"item\":\"https:\\\/\\\/www.ljekarnaneziri.hr\\\/\"},{\"@type\":\"ListItem\",\"position\":2,\"name\":\"Lokacije\"}]},{\"@type\":\"WebSite\",\"@id\":\"https:\\\/\\\/www.ljekarnaneziri.hr\\\/#website\",\"url\":\"https:\\\/\\\/www.ljekarnaneziri.hr\\\/\",\"name\":\"Ljekarne Jasna Neziri\",\"description\":\"\",\"publisher\":{\"@id\":\"https:\\\/\\\/www.ljekarnaneziri.hr\\\/#organization\"},\"potentialAction\":[{\"@type\":\"SearchAction\",\"target\":{\"@type\":\"EntryPoint\",\"urlTemplate\":\"https:\\\/\\\/www.ljekarnaneziri.hr\\\/?s={search_term_string}\"},\"query-input\":{\"@type\":\"PropertyValueSpecification\",\"valueRequired\":true,\"valueName\":\"search_term_string\"}}],\"inLanguage\":\"hr\"},{\"@type\":\"Organization\",\"@id\":\"https:\\\/\\\/www.ljekarnaneziri.hr\\\/#organization\",\"name\":\"Ljekarne Jasna Neziri\",\"url\":\"https:\\\/\\\/www.ljekarnaneziri.hr\\\/\",\"logo\":{\"@type\":\"ImageObject\",\"inLanguage\":\"hr\",\"@id\":\"https:\\\/\\\/www.ljekarnaneziri.hr\\\/#\\\/schema\\\/logo\\\/image\\\/\",\"url\":\"https:\\\/\\\/www.ljekarnaneziri.hr\\\/wp-content\\\/uploads\\\/2022\\\/04\\\/WhatsApp_Image_2022-04-05_at_10.50.19-removebg-preview-1.png\",\"contentUrl\":\"https:\\\/\\\/www.ljekarnaneziri.hr\\\/wp-content\\\/uploads\\\/2022\\\/04\\\/WhatsApp_Image_2022-04-05_at_10.50.19-removebg-preview-1.png\",\"width\":355,\"height\":132,\"caption\":\"Ljekarne Jasna Neziri\"},\"image\":{\"@id\":\"https:\\\/\\\/www.ljekarnaneziri.hr\\\/#\\\/schema\\\/logo\\\/image\\\/\"}}]}<\/script>\n<!-- \/ Yoast SEO plugin. -->","yoast_head_json":{"title":"Lokacije - Ljekarne Jasna Neziri","robots":{"index":"index","follow":"follow","max-snippet":"max-snippet:-1","max-image-preview":"max-image-preview:large","max-video-preview":"max-video-preview:-1"},"canonical":"https:\/\/www.ljekarnaneziri.hr\/?page_id=88","og_locale":"hr_HR","og_type":"article","og_title":"Lokacije - Ljekarne Jasna Neziri","og_description":"Zagreb Mirka Deanovi\u0107a 19 10 000 Zagreb tel: 01 2920 959 Gare\u0161nica Vladimira Nazora 4 43 280 Gare\u0161nica tel: 043 531 360 Jastrebarsko Zdihova\u010dka 1 10 450 Jastrebarsko tel: 01 6285 580 Email: ljekarne.neziri@gmail.com","og_url":"https:\/\/www.ljekarnaneziri.hr\/?page_id=88","og_site_name":"Ljekarne Jasna Neziri","article_modified_time":"2022-04-05T12:02:39+00:00","twitter_card":"summary_large_image","twitter_misc":{"Procijenjeno vrijeme \u010ditanja":"1 minuta"},"schema":{"@context":"https:\/\/schema.org","@graph":[{"@type":"WebPage","@id":"https:\/\/www.ljekarnaneziri.hr\/?page_id=88","url":"https:\/\/www.ljekarnaneziri.hr\/?page_id=88","name":"Lokacije - Ljekarne Jasna Neziri","isPartOf":{"@id":"https:\/\/www.ljekarnaneziri.hr\/#website"},"datePublished":"2022-04-05T11:15:23+00:00","dateModified":"2022-04-05T12:02:39+00:00","breadcrumb":{"@id":"https:\/\/www.ljekarnaneziri.hr\/?page_id=88#breadcrumb"},"inLanguage":"hr","potentialAction":[{"@type":"ReadAction","target":["https:\/\/www.ljekarnaneziri.hr\/?page_id=88"]}]},{"@type":"BreadcrumbList","@id":"https:\/\/www.ljekarnaneziri.hr\/?page_id=88#breadcrumb","itemListElement":[{"@type":"ListItem","position":1,"name":"Home","item":"https:\/\/www.ljekarnaneziri.hr\/"},{"@type":"ListItem","position":2,"name":"Lokacije"}]},{"@type":"WebSite","@id":"https:\/\/www.ljekarnaneziri.hr\/#website","url":"https:\/\/www.ljekarnaneziri.hr\/","name":"Ljekarne Jasna Neziri","description":"","publisher":{"@id":"https:\/\/www.ljekarnaneziri.hr\/#organization"},"potentialAction":[{"@type":"SearchAction","target":{"@type":"EntryPoint","urlTemplate":"https:\/\/www.ljekarnaneziri.hr\/?s={search_term_string}"},"query-input":{"@type":"PropertyValueSpecification","valueRequired":true,"valueName":"search_term_string"}}],"inLanguage":"hr"},{"@type":"Organization","@id":"https:\/\/www.ljekarnaneziri.hr\/#organization","name":"Ljekarne Jasna Neziri","url":"https:\/\/www.ljekarnaneziri.hr\/","logo":{"@type":"ImageObject","inLanguage":"hr","@id":"https:\/\/www.ljekarnaneziri.hr\/#\/schema\/logo\/image\/","url":"https:\/\/www.ljekarnaneziri.hr\/wp-content\/uploads\/2022\/04\/WhatsApp_Image_2022-04-05_at_10.50.19-removebg-preview-1.png","contentUrl":"https:\/\/www.ljekarnaneziri.hr\/wp-content\/uploads\/2022\/04\/WhatsApp_Image_2022-04-05_at_10.50.19-removebg-preview-1.png","width":355,"height":132,"caption":"Ljekarne Jasna Neziri"},"image":{"@id":"https:\/\/www.ljekarnaneziri.hr\/#\/schema\/logo\/image\/"}}]}},"_links":{"self":[{"href":"https:\/\/www.ljekarnaneziri.hr\/index.php?rest_route=\/wp\/v2\/pages\/88","targetHints":{"allow":["GET"]}}],"collection":[{"href":"https:\/\/www.ljekarnaneziri.hr\/index.php?rest_route=\/wp\/v2\/pages"}],"about":[{"href":"https:\/\/www.ljekarnaneziri.hr\/index.php?rest_route=\/wp\/v2\/types\/page"}],"author":[{"embeddable":true,"href":"https:\/\/www.ljekarnaneziri.hr\/index.php?rest_route=\/wp\/v2\/users\/1"}],"replies":[{"embeddable":true,"href":"https:\/\/www.ljekarnaneziri.hr\/index.php?rest_route=%2Fwp%2Fv2%2Fcomments&post=88"}],"version-history":[{"count":6,"href":"https:\/\/www.ljekarnaneziri.hr\/index.php?rest_route=\/wp\/v2\/pages\/88\/revisions"}],"predecessor-version":[{"id":106,"href":"https:\/\/www.ljekarnaneziri.hr\/index.php?rest_route=\/wp\/v2\/pages\/88\/revisions\/106"}],"wp:attachment":[{"href":"https:\/\/www.ljekarnaneziri.hr\/index.php?rest_route=%2Fwp%2Fv2%2Fmedia&parent=88"}],"curies":[{"name":"wp","href":"https:\/\/api.w.org\/{rel}","templated":true}]}}